{"id":6106,"date":"2015-04-29T18:08:25","date_gmt":"2015-04-29T18:08:25","guid":{"rendered":"http:\/\/www.taftoys.com\/it\/who-we-are\/"},"modified":"2016-03-31T12:08:14","modified_gmt":"2016-03-31T09:08:14","slug":"who-we-are","status":"publish","type":"page","link":"https:\/\/www.taftoys.com\/it\/who-we-are\/","title":{"rendered":"Chi siamo"},"content":{"rendered":"<p>Fondata nel 1991, Taf Toys ha come obiettivo quello di creare un\u2019indimenticabile linea di Giocattoli per lo sviluppo del bambino, aggiungendo tonnellate di amore e divertimento. Taf Toys \u00e8 molto di pi\u00f9 di un semplice giocattolo per bambini, \u00e8 il filo diretto di comunicazione tra i nostri cuori e i vostri bambini.<\/p>\n<p>Noi capiamo che la scelta del giusto giocattolo per lo sviluppo del vostro bambino \u00e8 una questione seria.\u00a0 Taf Toys pensa a te attraverso giocattoli adatti allo sviluppo del bambino sviluppandoli in base alle diverse fasce d\u2019et\u00e0, senza dimenticare di ispirare amore, divertimento e crescita. Tutti i giochi sono ideati\u00a0 con l\u2019intento di promuovere l\u2019intelligenza cognitiva ed emotiva, lo sviluppo motorio e fisico, durante i suoi primi anni di crescita. Il nostro obiettivo \u00e8 quello di impostare le base per un percorso di\u00a0 sviluppo sano e felice.<\/p>\n<p>Siamo anche fortemente appassionati di musica e crediamo che essa abbia un impatto positivo sullo sviluppo\u00a0 del bambini. La musica \u00e8 uno strumento comunemente conosciuto per calmare e tranquillizzare, intrattenere, e stimolare l\u2019immaginazione dei bambini. Questo \u00e8 il motivo per il quale abbiamo creato diverse variet\u00e0 di design incorporando diversi stili di musica: classica, jazz, rock, country a molto altro.<\/p>\n<p>Tutti i nostri giochi sono progettati tenendo conto di pi\u00f9 prospettive: quella del bambino, dei genitori e giustamente quella dei nostri creative e designer. Oltre a questo noi utilizziamo un punto di vista psicologico in modo di essere sicuri di colpire l\u2019attenzione dei bambini e stimolarli nella loro crescita.<\/p>\n<p>Essendo noi stessi genitori, siamo consapevoli del fatto che i genitori sono sempre alla ricerca di nuovi ed eccitanti giocattoli per i loro\u00a0 bambini e allo stesso tempo, giocattoli che contengano input di crescita e sviluppo, che rispettino l\u2019ambiente, la sicurezza e la qualit\u00e0. Noi crediamo anche che un giusto giocattolo agisca come un elemento essenziale per il percorso di sviluppo. Pertanto, noi incorporiamo elevata sicurezza e qualit\u00e0, adeguatezza di sviluppo, valori educazionali, e praticit\u00e0 in ogni singolo prodotto che produciamo.<\/p>\n<p>Infine, come designer siamo intenzionati a creare giocattoli innovativi che illuminino l\u2019immaginazione, enfatizzino le forme elementari, colori e che siano ricchi nella forma e nella funzione.<\/p>\n","protected":false},"excerpt":{"rendered":"<p>Fondata nel 1991, Taf Toys ha come obiettivo quello di creare un\u2019indimenticabile linea di Giocattoli per lo sviluppo del bambino, aggiungendo tonnellate di amore e divertimento. Taf Toys \u00e8 molto di pi\u00f9 di un semplice giocattolo per bambini, \u00e8 il filo diretto di comunicazione tra i nostri cuori e i vostri bambini. Noi capiamo che [&hellip;]<\/p>\n","protected":false},"author":7,"featured_media":39373,"parent":0,"menu_order":0,"comment_status":"open","ping_status":"open","template":"","meta":[],"_links":{"self":[{"href":"https:\/\/www.taftoys.com\/it\/wp-json\/wp\/v2\/pages\/6106\/"}],"collection":[{"href":"https:\/\/www.taftoys.com\/it\/wp-json\/wp\/v2\/pages\/"}],"about":[{"href":"https:\/\/www.taftoys.com\/it\/wp-json\/wp\/v2\/types\/page\/"}],"author":[{"embeddable":true,"href":"https:\/\/www.taftoys.com\/it\/wp-json\/wp\/v2\/users\/7\/"}],"replies":[{"embeddable":true,"href":"https:\/\/www.taftoys.com\/it\/wp-json\/wp\/v2\/comments\/?post=6106"}],"version-history":[{"count":2,"href":"https:\/\/www.taftoys.com\/it\/wp-json\/wp\/v2\/pages\/6106\/revisions\/"}],"predecessor-version":[{"id":6109,"href":"https:\/\/www.taftoys.com\/it\/wp-json\/wp\/v2\/pages\/6106\/revisions\/6109\/"}],"wp:featuredmedia":[{"embeddable":true,"href":"https:\/\/www.taftoys.com\/it\/wp-json\/wp\/v2\/media\/39373\/"}],"wp:attachment":[{"href":"https:\/\/www.taftoys.com\/it\/wp-json\/wp\/v2\/media\/?parent=6106"}],"curies":[{"name":"wp","href":"https:\/\/api.w.org\/{rel}","templated":true}]}}