{"id":3106,"date":"2015-04-29T18:09:54","date_gmt":"2015-04-29T18:09:54","guid":{"rendered":"http:\/\/www.taftoys.com\/fr\/who-we-are\/green-commitment-ethical-code\/"},"modified":"2016-03-22T17:28:28","modified_gmt":"2016-03-22T14:28:28","slug":"green-commitment-ethical-code","status":"publish","type":"page","link":"https:\/\/www.taftoys.com\/fr\/who-we-are\/green-commitment-ethical-code\/","title":{"rendered":"Engagement \u00e9cologique et code \u00e9thique"},"content":{"rendered":"<p>En tant que cr\u00e9ateurs de jouets pour b\u00e9b\u00e9s, notre sens de compr\u00e9hension globale et de responsabilit\u00e9 envers notre monde semble \u00eatre naturellement \u00e9veill\u00e9. Nous cr\u00e9ons, apr\u00e8s tout, pour les g\u00e9n\u00e9rations \u00e0 venir\u2026<\/p>\n<p>Nous prenons toujours l&rsquo;environnement en consid\u00e9ration lors de la planification du d\u00e9veloppement de chacun de nos jouets. Bien que les standards de qualit\u00e9 nous obligent \u00e0 utiliser pour la plus grande partie des mat\u00e9riaux neufs, nous faisons notre possible pour incorporer des \u00e9l\u00e9ments recyclables dans notre production lorsque cela est possible. Quelques exemples de nos efforts environnementaux:<\/p>\n<ul>\n<li>Tous nos emballages sont faits de mat\u00e9riaux recyclables et peuvent \u00eatre recycl\u00e9s sans probl\u00e8me.<\/li>\n<li>Nous concevons nos emballages de mani\u00e8re \u00e0 \u00e9conomiser espace et mat\u00e9riaux<\/li>\n<li>Tout le plastique de nos jouets peut \u00eatre recycl\u00e9.<\/li>\n<li>Nous t\u00e2chons de cr\u00e9er des mod\u00e8les n\u00e9cessitant des piles de petite taille et\/ou fonctionnant avec des piles rechargeables.<\/li>\n<li>Nous n&rsquo;utilisons pas de polycarbonates dans nos produits, ces mat\u00e9riaux \u00e9tant consid\u00e9r\u00e9s comme dangereux.<\/li>\n<li>Nous n&rsquo;utilisons que des tissus de premi\u00e8re qualit\u00e9 afin d&rsquo;assurer leur durabilit\u00e9 et un plaisir \u00e0 long terme.<\/li>\n<\/ul>\n<p><strong>Codes \u00c9thiques<\/strong><\/p>\n<p>Taf Toys adh\u00e8re \u00e0 toutes les directives \u00e9thiques lors du processus de fabrication de ses mod\u00e8les. Taf Toys est fermement oppos\u00e9 au travail des enfants et n&#8217;emploie aucun salari\u00e9 n&rsquo;ayant atteint l&rsquo;\u00e2ge de travail l\u00e9gal. Nos jouets sont produits uniquement dans des usines qui respectent les lois de travail du gouvernement local, y compris les lois concernant l&rsquo;\u00e2ge l\u00e9gal de travail. De plus, toutes nos usines sont sujettes \u00e0 des contr\u00f4les p\u00e9riodiques pour garantir un respect total des lois locales de travail et de l&rsquo;environnement.<\/p>\n","protected":false},"excerpt":{"rendered":"<p>En tant que cr\u00e9ateurs de jouets pour b\u00e9b\u00e9s, notre sens de compr\u00e9hension globale et de responsabilit\u00e9 envers notre monde semble \u00eatre naturellement \u00e9veill\u00e9. Nous cr\u00e9ons, apr\u00e8s tout, pour les g\u00e9n\u00e9rations \u00e0 venir\u2026 Nous prenons toujours l&rsquo;environnement en consid\u00e9ration lors de la planification du d\u00e9veloppement de chacun de nos jouets. Bien que les standards de qualit\u00e9 [&hellip;]<\/p>\n","protected":false},"author":7,"featured_media":39397,"parent":3087,"menu_order":0,"comment_status":"open","ping_status":"open","template":"","meta":[],"_links":{"self":[{"href":"https:\/\/www.taftoys.com\/fr\/wp-json\/wp\/v2\/pages\/3106\/"}],"collection":[{"href":"https:\/\/www.taftoys.com\/fr\/wp-json\/wp\/v2\/pages\/"}],"about":[{"href":"https:\/\/www.taftoys.com\/fr\/wp-json\/wp\/v2\/types\/page\/"}],"author":[{"embeddable":true,"href":"https:\/\/www.taftoys.com\/fr\/wp-json\/wp\/v2\/users\/7\/"}],"replies":[{"embeddable":true,"href":"https:\/\/www.taftoys.com\/fr\/wp-json\/wp\/v2\/comments\/?post=3106"}],"version-history":[{"count":5,"href":"https:\/\/www.taftoys.com\/fr\/wp-json\/wp\/v2\/pages\/3106\/revisions\/"}],"predecessor-version":[{"id":6092,"href":"https:\/\/www.taftoys.com\/fr\/wp-json\/wp\/v2\/pages\/3106\/revisions\/6092\/"}],"up":[{"embeddable":true,"href":"https:\/\/www.taftoys.com\/fr\/wp-json\/wp\/v2\/pages\/3087\/"}],"wp:featuredmedia":[{"embeddable":true,"href":"https:\/\/www.taftoys.com\/fr\/wp-json\/wp\/v2\/media\/39397\/"}],"wp:attachment":[{"href":"https:\/\/www.taftoys.com\/fr\/wp-json\/wp\/v2\/media\/?parent=3106"}],"curies":[{"name":"wp","href":"https:\/\/api.w.org\/{rel}","templated":true}]}}