{"id":3087,"date":"2015-04-29T18:08:25","date_gmt":"2015-04-29T18:08:25","guid":{"rendered":"http:\/\/www.taftoys.com\/fr\/who-we-are\/"},"modified":"2016-03-22T17:10:43","modified_gmt":"2016-03-22T14:10:43","slug":"who-we-are","status":"publish","type":"page","link":"https:\/\/www.taftoys.com\/fr\/who-we-are\/","title":{"rendered":"Qui sommes-nous?"},"content":{"rendered":"<p>Fond\u00e9 en 1991, Taf Toys a pour ambition de cr\u00e9er une ligne unique de jouets d&rsquo;\u00e9veil pour b\u00e9b\u00e9s incorporant amour et plaisir. Taf Toys, ce sont bien plus que des jouets pour b\u00e9b\u00e9s, c&rsquo;est une cha\u00eene de communication directe entre nos c\u0153urs vous et votre b\u00e9b\u00e9.<\/p>\n<p>Nous savons que choisir le bon jouet d&rsquo;\u00e9veil pour votre enfant repr\u00e9sente une d\u00e9cision importante. Le large choix de produits Taf Toys vous fournit des jouets d&rsquo;\u00e9veil correspondant \u00e0 l&rsquo;\u00e2ge de votre b\u00e9b\u00e9 tout en \u00e9tant stimulant et amusant. Tous nos jouets sont cr\u00e9\u00e9s dans l&rsquo;intention d&rsquo;encourager le d\u00e9veloppement affectif, cognitif et physique de votre b\u00e9b\u00e9 lors de ses deux premi\u00e8res ann\u00e9es. Notre but est d&rsquo;aider votre b\u00e9b\u00e9 \u00e0 \u00e9tablir les bases d&rsquo;un d\u00e9veloppement sain et heureux.<\/p>\n<p>Nous sommes aussi de grands fans de musique et croyons fermement en l&rsquo;influence positive qu&rsquo;a la musique sur le d\u00e9veloppement d&rsquo;un b\u00e9b\u00e9. La musique est commun\u00e9ment reconnue comme un outil id\u00e9al pour apaiser, divertir et m\u00eame stimuler l&rsquo;imagination de b\u00e9b\u00e9. C&rsquo;est pourquoi nous avons cr\u00e9\u00e9 tant de jouets aux divers styles musicaux : classique, jazz, rock, country et plus.<\/p>\n<p>La conception de tous nos jouets est bas\u00e9e sur une approche regroupant plusieurs perspectives: celle du b\u00e9b\u00e9, celle des parents et bien-s\u00fbr celle de nos cr\u00e9ateurs. Par ailleurs, nous prenons \u00e9galement en compte le point de vue des psychologues pour \u00eatre s\u00fbrs de cibler, d&rsquo;augmenter, de stimuler et de permettre l&rsquo;\u00e9panouissement de votre b\u00e9b\u00e9.<\/p>\n<p>Etant nous-m\u00eames parents, nous comprenons parfaitement que les parents recherchent un jouet qui excitera leur b\u00e9b\u00e9 tout en stimulant son \u00e9veil et en respectant les principes de s\u00e9curit\u00e9 et de qualit\u00e9. Nous pensons \u00e9galement qu&rsquo;un jouet appropri\u00e9 peut avoir un r\u00f4le fondamental dans le processus de d\u00e9veloppement d&rsquo;un enfant. Par cons\u00e9quent, nous int\u00e9grons dans chacun de nos produits une s\u00e9curit\u00e9 et une qualit\u00e9 in\u00e9galables ainsi qu&rsquo;une compatibilit\u00e9 au niveau du d\u00e9veloppement, une valeur \u00e9ducative et une facilit\u00e9 d&rsquo;utilisation.<\/p>\n<p>Finalement, en tant que cr\u00e9ateurs nous avons pour objectif de cr\u00e9er des jouets novateurs qui provoquent l&rsquo;imagination, mettent en valeur les formes de base et les couleurs et sont riches en formes et fonctions.<\/p>\n","protected":false},"excerpt":{"rendered":"<p>Fond\u00e9 en 1991, Taf Toys a pour ambition de cr\u00e9er une ligne unique de jouets d&rsquo;\u00e9veil pour b\u00e9b\u00e9s incorporant amour et plaisir. Taf Toys, ce sont bien plus que des jouets pour b\u00e9b\u00e9s, c&rsquo;est une cha\u00eene de communication directe entre nos c\u0153urs vous et votre b\u00e9b\u00e9. Nous savons que choisir le bon jouet d&rsquo;\u00e9veil pour [&hellip;]<\/p>\n","protected":false},"author":7,"featured_media":39370,"parent":0,"menu_order":0,"comment_status":"open","ping_status":"open","template":"","meta":[],"_links":{"self":[{"href":"https:\/\/www.taftoys.com\/fr\/wp-json\/wp\/v2\/pages\/3087\/"}],"collection":[{"href":"https:\/\/www.taftoys.com\/fr\/wp-json\/wp\/v2\/pages\/"}],"about":[{"href":"https:\/\/www.taftoys.com\/fr\/wp-json\/wp\/v2\/types\/page\/"}],"author":[{"embeddable":true,"href":"https:\/\/www.taftoys.com\/fr\/wp-json\/wp\/v2\/users\/7\/"}],"replies":[{"embeddable":true,"href":"https:\/\/www.taftoys.com\/fr\/wp-json\/wp\/v2\/comments\/?post=3087"}],"version-history":[{"count":5,"href":"https:\/\/www.taftoys.com\/fr\/wp-json\/wp\/v2\/pages\/3087\/revisions\/"}],"predecessor-version":[{"id":6089,"href":"https:\/\/www.taftoys.com\/fr\/wp-json\/wp\/v2\/pages\/3087\/revisions\/6089\/"}],"wp:featuredmedia":[{"embeddable":true,"href":"https:\/\/www.taftoys.com\/fr\/wp-json\/wp\/v2\/media\/39370\/"}],"wp:attachment":[{"href":"https:\/\/www.taftoys.com\/fr\/wp-json\/wp\/v2\/media\/?parent=3087"}],"curies":[{"name":"wp","href":"https:\/\/api.w.org\/{rel}","templated":true}]}}