{"id":9473,"date":"2015-04-29T18:08:25","date_gmt":"2015-04-29T18:08:25","guid":{"rendered":"http:\/\/www.taftoys.com\/who-we-are\/"},"modified":"2017-05-03T14:13:24","modified_gmt":"2017-05-03T11:13:24","slug":"who-we-are","status":"publish","type":"page","link":"https:\/\/www.taftoys.com\/es\/who-we-are\/","title":{"rendered":"Quienes Somos"},"content":{"rendered":"<p>Desde nuestros inicios en 1991, el foco primario de Taf Toys ha sido el crear una l\u00ednea de juguetes para la primera infancia \u00fanica y memorable, que incorpore mucho amor y emoci\u00f3n. Los productos de Taf Toys son mucho m\u00e1s que juguetes para beb\u00e9s, son un canal de comunicaci\u00f3n directo entre nuestros corazones, el tuyo y el de tu beb\u00e9.<\/p>\n<p>Sabemos que elegir juguetes que contribuyan al desarrollo de tu beb\u00e9 es una decisi\u00f3n seria. La amplia l\u00ednea de productos de Taf Toys te permite elegir el que sea adecuado para la edad de tu beb\u00e9, para que esa estimulante, divertido e inspire la imaginaci\u00f3n. Todos nuestros juguetes son creados con la intenci\u00f3n de fomentar el desarrollo emocional, cognitivo y f\u00edsico de tu beb\u00e9, durante los primeros dos a\u00f1os de crecimiento. Nuestro objetivo es ayudarte a establecer las bases para un camino de desarrollo saludable y feliz.<\/p>\n<p>Somos grandes fan\u00e1ticos de la m\u00fasica, y creemos firmemente en la contribuci\u00f3n positiva que tiene en el desarrollo temprano. La m\u00fasica es ampliamente reconocida como un medio ideal para relajar, entretener e incluso estimular la imaginaci\u00f3n de los beb\u00e9s. Es por ello que nuestra amplia gama de dise\u00f1os incorpora una diversidad de melod\u00edas y estilos musicales, tales como m\u00fasica cl\u00e1sica, jazz y rock entre otros.<\/p>\n<p>Todos nuestros juguetes son dise\u00f1ados utilizando un enfoque que incorpora m\u00faltiples perspectivas, el del beb\u00e9, el de los papas, y por supuesto, nuestros dise\u00f1adores creativos. Tambi\u00e9n contempla la perspectiva de psic\u00f3logos y especialistas para asegurar dise\u00f1os que atraen, mejoran, estimulan y permiten que tu beb\u00e9 florezca.<\/p>\n<p>Al ser padres nosotros, sabemos que los padres buscan juguetes que estimulen y entretengan a sus beb\u00e9s, y al mismo tiempo contengan desaf\u00edos relevantes para el desarrollo, as\u00ed como seguridad, calidad y valor. Tambi\u00e9n creemos que el juguete adecuado puede actuar como una pieza fundamental en el proceso de desarrollo infantil. Por ello, incorporamos lo m\u00e1s exigentes est\u00e1ndares de seguridad y calidad, adecuaci\u00f3n a las diferentes etapas de desarrollo, valor educacional, y practicidad en cada uno de los productos que producimos. Finalmente, como dise\u00f1adores buscamos crear juguetes innovadores que estimulan la imaginaci\u00f3n, enfatizando formas b\u00e1sicas, colores y riqueza en las formas y funciones.<\/p>\n<p>&nbsp;<\/p>\n","protected":false},"excerpt":{"rendered":"<p>Desde nuestros inicios en 1991, el foco primario de Taf Toys ha sido el crear una l\u00ednea de juguetes para la primera infancia \u00fanica y memorable, que incorpore mucho amor y emoci\u00f3n. Los productos de Taf Toys son mucho m\u00e1s que juguetes para beb\u00e9s, son un canal de comunicaci\u00f3n directo entre nuestros corazones, el tuyo [&hellip;]<\/p>\n","protected":false},"author":7,"featured_media":39377,"parent":0,"menu_order":0,"comment_status":"open","ping_status":"open","template":"","meta":[],"_links":{"self":[{"href":"https:\/\/www.taftoys.com\/es\/wp-json\/wp\/v2\/pages\/9473\/"}],"collection":[{"href":"https:\/\/www.taftoys.com\/es\/wp-json\/wp\/v2\/pages\/"}],"about":[{"href":"https:\/\/www.taftoys.com\/es\/wp-json\/wp\/v2\/types\/page\/"}],"author":[{"embeddable":true,"href":"https:\/\/www.taftoys.com\/es\/wp-json\/wp\/v2\/users\/7\/"}],"replies":[{"embeddable":true,"href":"https:\/\/www.taftoys.com\/es\/wp-json\/wp\/v2\/comments\/?post=9473"}],"version-history":[{"count":3,"href":"https:\/\/www.taftoys.com\/es\/wp-json\/wp\/v2\/pages\/9473\/revisions\/"}],"predecessor-version":[{"id":9476,"href":"https:\/\/www.taftoys.com\/es\/wp-json\/wp\/v2\/pages\/9473\/revisions\/9476\/"}],"wp:featuredmedia":[{"embeddable":true,"href":"https:\/\/www.taftoys.com\/es\/wp-json\/wp\/v2\/media\/39377\/"}],"wp:attachment":[{"href":"https:\/\/www.taftoys.com\/es\/wp-json\/wp\/v2\/media\/?parent=9473"}],"curies":[{"name":"wp","href":"https:\/\/api.w.org\/{rel}","templated":true}]}}