{"id":4675,"date":"2015-05-01T10:11:17","date_gmt":"2015-05-01T10:11:17","guid":{"rendered":"http:\/\/www.taftoys.com\/de\/who-we-are\/safety-quality\/"},"modified":"2016-04-21T16:13:37","modified_gmt":"2016-04-21T13:13:37","slug":"safety-quality","status":"publish","type":"page","link":"https:\/\/www.taftoys.com\/de\/who-we-are\/safety-quality\/","title":{"rendered":"Sicherheit &#038; Qualit\u00e4t"},"content":{"rendered":"<p>Da wir bereits Eltern waren, bevor wir die Spielzeuge erfunden haben, wissen wir, dass es nichts wichtigeres gibt, als die Gesundheit und Sicherheit des Babies. Taf Toys verpflichtet sich, die Produkte mit h\u00f6chster Qualit\u00e4t und dem Schwerpunkt der Sicherheit herzustellen. Unser Qualit\u00e4tskontrollteam stellt sicher, dass alle Taf Toys Artikel sicher sind und den internationalen Sicherheitsstandards entsprechen.<\/p>\n<p>Sicherheit ist die h\u00f6chste Priorit\u00e4t bei Taf Toys, deswegen werden alle Spielzeuge w\u00e4hrend dem Entwicklungsprozess rigoros getestet, dies beginnt bereits bei den Konzeptionsphasen und wiederholt w\u00e4hrend der Prozessfertigung. Unser Produkt ist auf h\u00f6chstem Level und h\u00e4lt allen Sicherheitsvoraussetzungen und Standards stand. Wir garantieren, dass all unsere Produkte die h\u00f6chsten Sicherheitsanspr\u00fcche und Standards in Europa, Amerika, Kanada, Australien und Asien erf\u00fcllen. All unsere Spielzeuge erf\u00fcllen die Einhaltung der Europ\u00e4ischen Union (EN71) sowie dem ASTM (American Society for Testing and Materials).<\/p>\n<p><strong>Taf Toys erf\u00fcllt die Sicherheitsstandards f\u00fcr die folgenden:<\/strong><\/p>\n<ul>\n<li>EU (EN71)<\/li>\n<li>USA (ASTM)<\/li>\n<li>Kanada (CHPA)<\/li>\n<li>Australien und Neuseeland (ISO8124)<\/li>\n<\/ul>\n<p><strong>Unsere Produkte sind:<\/strong><\/p>\n<ul>\n<li>frei von Phthalaten<\/li>\n<li>ohne Farbstoffe<\/li>\n<li>WEEE konform<\/li>\n<li>RoHS konform<\/li>\n<\/ul>\n<p>Die folgenden Testreihen und mehr wurden f\u00fcr alle Taf Toys Produkte getestet, w\u00e4hrend der Produktion und von zertifizierten Labors:<\/p>\n<ul>\n<li>Drehkraft<\/li>\n<li>Spannung<\/li>\n<li>Fall<\/li>\n<li>Druck<\/li>\n<li>Kippen<\/li>\n<li>Kleinteiletester<\/li>\n<li>Heftwiederstand<\/li>\n<li>Feuerwiederstand<\/li>\n<li>Haftung einiger Elemente<\/li>\n<li>Erkennung von Schwermetall<\/li>\n<li>Giftstofffrei<\/li>\n<li>&amp; mehr<\/li>\n<\/ul>\n<p>F\u00fcr mehr Angaben \u00fcber unsere Sicherheitsbestimmungen f\u00fcr unsere Produkte<\/p>\n","protected":false},"excerpt":{"rendered":"<p>Da wir bereits Eltern waren, bevor wir die Spielzeuge erfunden haben, wissen wir, dass es nichts wichtigeres gibt, als die Gesundheit und Sicherheit des Babies. Taf Toys verpflichtet sich, die Produkte mit h\u00f6chster Qualit\u00e4t und dem Schwerpunkt der Sicherheit herzustellen. Unser Qualit\u00e4tskontrollteam stellt sicher, dass alle Taf Toys Artikel sicher sind und den internationalen Sicherheitsstandards [&hellip;]<\/p>\n","protected":false},"author":7,"featured_media":25793,"parent":4651,"menu_order":0,"comment_status":"open","ping_status":"open","template":"","meta":[],"_links":{"self":[{"href":"https:\/\/www.taftoys.com\/de\/wp-json\/wp\/v2\/pages\/4675\/"}],"collection":[{"href":"https:\/\/www.taftoys.com\/de\/wp-json\/wp\/v2\/pages\/"}],"about":[{"href":"https:\/\/www.taftoys.com\/de\/wp-json\/wp\/v2\/types\/page\/"}],"author":[{"embeddable":true,"href":"https:\/\/www.taftoys.com\/de\/wp-json\/wp\/v2\/users\/7\/"}],"replies":[{"embeddable":true,"href":"https:\/\/www.taftoys.com\/de\/wp-json\/wp\/v2\/comments\/?post=4675"}],"version-history":[{"count":4,"href":"https:\/\/www.taftoys.com\/de\/wp-json\/wp\/v2\/pages\/4675\/revisions\/"}],"predecessor-version":[{"id":6257,"href":"https:\/\/www.taftoys.com\/de\/wp-json\/wp\/v2\/pages\/4675\/revisions\/6257\/"}],"up":[{"embeddable":true,"href":"https:\/\/www.taftoys.com\/de\/wp-json\/wp\/v2\/pages\/4651\/"}],"wp:featuredmedia":[{"embeddable":true,"href":"https:\/\/www.taftoys.com\/de\/wp-json\/wp\/v2\/media\/25793\/"}],"wp:attachment":[{"href":"https:\/\/www.taftoys.com\/de\/wp-json\/wp\/v2\/media\/?parent=4675"}],"curies":[{"name":"wp","href":"https:\/\/api.w.org\/{rel}","templated":true}]}}