{"id":4651,"date":"2015-04-29T18:08:25","date_gmt":"2015-04-29T18:08:25","guid":{"rendered":"http:\/\/www.taftoys.com\/de\/who-we-are\/"},"modified":"2016-04-21T15:00:23","modified_gmt":"2016-04-21T12:00:23","slug":"who-we-are","status":"publish","type":"page","link":"https:\/\/www.taftoys.com\/de\/who-we-are\/","title":{"rendered":"Wer sind wir"},"content":{"rendered":"<p>1991 gegr\u00fcndet f\u00e4llt der Fokus von Taf Toys haupts\u00e4chlich auf einzigartige und unvergessliche Spielzeuge f\u00fcr Babys, welche viel Liebe und Aufregung verbinden. Taf Toys Spielzeuge sind mehr als nur Baby-Spielzeuge, sie sind die Kommunikation von unseren Herzen zu Ihnen und Ihrem Baby.<\/p>\n<p>Wir verstehen, dass die Wahl des richtigen und entwicklungsf\u00f6rdernden Spielzeugs eine schwere Wahl ist. Die grosse Produktevielfalt von Taf Toys liefert Ihnen viele entwicklungsf\u00f6rdernde Spielzeuge, welche dem Alter Ihres Kindes entsprechen und dazu noch anspruchsvoll, lustig und inspirierend sind. Alle unsere Spielzeuge wurden dazu gemacht, die emotionalen, kognitiven und physischen F\u00e4higkeiten w\u00e4hrend der ersten 2 Jahre des Wachstums zu f\u00f6rdern. Unser Ziel ist es, Ihrem Baby zu helfen, eine Grundlage f\u00fcr eine gesunde und gl\u00fcckliche Entwicklung zu erstellen.<\/p>\n<p>Wir sind auch sehr grosse Musikfans und glauben fest daran, dass die Musik eine grosse Auswirkung auf die Entwicklung eines Babies hat. Musik ist h\u00e4ufig das ideale Werkzeug, um die Babies zu beruhigen, zu unterhalten oder auch die Fantasie anzuregen. Deswegen haben wir auch eine Vielzahl von verschiedenen Designs erschaffen mit diversen Musikrichtungen wie Klassik, Jazz, Rock, Country und mehr.<\/p>\n<p>All unsere Produkte wurden mit einer multi-perspektiven Methode designt, welche die Standpunkte der Babies, der Eltern sowie den kreativen Designern vertreten. Zus\u00e4tzlich benutzen wir auch die Blickwindel der Psychologen um sicherzustellen, dass wir die Entwicklung der Babies treffen, verbessern und stimulieren.<\/p>\n<p>Da wir selbst Eltern sind, verstehen wir vollkommen, dass Sie ein anregendes Spielzeug finden, welches auch die Entwicklung f\u00f6rdert und zudem sicher, qualitativ hochstehend und wertvoll ist. Wir glauben zudem, dass das richtige Spielzeug ein essentieller Bestandteil vom Entwicklungsprozess eines Kleinkindes sein kann. Deswegen integrieren wir un\u00fcbertroffene Sicherheit und Qualit\u00e4t, Entwicklungsstufen, erzieherische Werte sowie Funktionalit\u00e4t in jedem unserer Produkte.<\/p>\n","protected":false},"excerpt":{"rendered":"<p>1991 gegr\u00fcndet f\u00e4llt der Fokus von Taf Toys haupts\u00e4chlich auf einzigartige und unvergessliche Spielzeuge f\u00fcr Babys, welche viel Liebe und Aufregung verbinden. Taf Toys Spielzeuge sind mehr als nur Baby-Spielzeuge, sie sind die Kommunikation von unseren Herzen zu Ihnen und Ihrem Baby. Wir verstehen, dass die Wahl des richtigen und entwicklungsf\u00f6rdernden Spielzeugs eine schwere Wahl [&hellip;]<\/p>\n","protected":false},"author":7,"featured_media":39371,"parent":0,"menu_order":0,"comment_status":"open","ping_status":"open","template":"","meta":[],"_links":{"self":[{"href":"https:\/\/www.taftoys.com\/de\/wp-json\/wp\/v2\/pages\/4651\/"}],"collection":[{"href":"https:\/\/www.taftoys.com\/de\/wp-json\/wp\/v2\/pages\/"}],"about":[{"href":"https:\/\/www.taftoys.com\/de\/wp-json\/wp\/v2\/types\/page\/"}],"author":[{"embeddable":true,"href":"https:\/\/www.taftoys.com\/de\/wp-json\/wp\/v2\/users\/7\/"}],"replies":[{"embeddable":true,"href":"https:\/\/www.taftoys.com\/de\/wp-json\/wp\/v2\/comments\/?post=4651"}],"version-history":[{"count":4,"href":"https:\/\/www.taftoys.com\/de\/wp-json\/wp\/v2\/pages\/4651\/revisions\/"}],"predecessor-version":[{"id":6253,"href":"https:\/\/www.taftoys.com\/de\/wp-json\/wp\/v2\/pages\/4651\/revisions\/6253\/"}],"wp:featuredmedia":[{"embeddable":true,"href":"https:\/\/www.taftoys.com\/de\/wp-json\/wp\/v2\/media\/39371\/"}],"wp:attachment":[{"href":"https:\/\/www.taftoys.com\/de\/wp-json\/wp\/v2\/media\/?parent=4651"}],"curies":[{"name":"wp","href":"https:\/\/api.w.org\/{rel}","templated":true}]}}